{"id":80,"date":"2022-02-08T10:33:22","date_gmt":"2022-02-08T09:33:22","guid":{"rendered":"https:\/\/someclim.tn\/?page_id=80"},"modified":"2022-02-08T10:42:06","modified_gmt":"2022-02-08T09:42:06","slug":"le-service","status":"publish","type":"page","link":"https:\/\/someclim.tn\/index.php\/le-service\/","title":{"rendered":"LE SERVICE"},"content":{"rendered":"\n<h2 id=\"confort-securite-et-environnement\">Confort, s\u00e9curit\u00e9 et environnement<\/h2>\n\n\n\n<p>Pour que confort et s\u00e9curit\u00e9 riment avec \u00e9cologie, Som\u00e9clim s\u2019engage au respect de normes environnementales de plus en plus exigeantes. Nous respectons scrupuleusement la r\u00e9glementation FGAS applicable depuis le 1er janvier 2015 qui interdit de recharger les installations contenant du fluide frigorig\u00e8ne R22 et tout gaz ant\u00e9rieur de type CFC et HCFC (ces substances appauvrissent la couche d\u2019ozone).<\/p>\n\n\n\n<h2 id=\"l-exigence-d-une-demarche-qualite\">L\u2019exigence d\u2019une d\u00e9marche qualit\u00e9<\/h2>\n\n\n\n<p><strong>Une attestation de capacit\u00e9<\/strong> Nous poss\u00e9dons l\u2019attestation de capacit\u00e9 N\u00b017796 d\u00e9livr\u00e9e par QualiClimafroid qui permet \u00e0 nos \u00e9quipes de techniciens frigoristes d\u2019intervenir sur tous les types de machine frigorifique. Habilit\u00e9s \u00e0 effectuer toute recherche de fuite, r\u00e9cup\u00e9ration et manipulation de fluides frigorig\u00e8nes sur vos installations, tous nos techniciens poss\u00e8dent l\u2019attestation d\u2019aptitude \u00e0 la manipulation des fluides frigorig\u00e8nes. Cette attestation est obligatoire pour ex\u00e9cuter le travail. Nous poss\u00e9dons l\u2019appareillage n\u00e9cessaire et r\u00e9glementaire pour manipuler les nouveaux fluides frigorig\u00e8nes issus des appareils de climatisation dits \u00ab \u00e9cologiques \u00bb.<\/p>\n\n\n\n<h2 id=\"rigueur-et-tracabilite-notre-engagement\">Rigueur et tra\u00e7abilit\u00e9, notre engagement<\/h2>\n\n\n\n<p>Afin de r\u00e9pondre \u00e0 vos exigences, nous s\u00e9lectionnons rigoureusement nos technologies, le mat\u00e9riel et les produits utilis\u00e9s, et ce \u00e0 chaque \u00e9tape de la r\u00e9alisation de votre ouvrage.<\/p>\n\n\n\n<hr class=\"wp-block-separator\"\/>\n\n\n\n<h2 id=\"quelques-exemples-de-realisations\">Quelques exemples de r\u00e9alisations :<\/h2>\n\n\n\n<p><\/p>\n\n\n\n<figure class=\"wp-block-gallery has-nested-images columns-default is-cropped\">\n<figure class=\"wp-block-image size-large\"><img loading=\"lazy\" width=\"960\" height=\"720\" data-id=\"58\"  src=\"https:\/\/someclim.tn\/wp-content\/uploads\/2022\/02\/222483228_511949496527277_4240529292663886322_n-1.jpg\" alt=\"\" class=\"wp-image-58\" srcset=\"https:\/\/someclim.tn\/wp-content\/uploads\/2022\/02\/222483228_511949496527277_4240529292663886322_n-1.jpg 960w, https:\/\/someclim.tn\/wp-content\/uploads\/2022\/02\/222483228_511949496527277_4240529292663886322_n-1-300x225.jpg 300w, https:\/\/someclim.tn\/wp-content\/uploads\/2022\/02\/222483228_511949496527277_4240529292663886322_n-1-768x576.jpg 768w\" sizes=\"(max-width: 960px) 100vw, 960px\" \/><\/figure>\n\n\n\n<figure class=\"wp-block-image size-large\"><img loading=\"lazy\" width=\"1170\" height=\"1560\" data-id=\"57\"  src=\"https:\/\/someclim.tn\/wp-content\/uploads\/2022\/02\/53086119_401295357339524_1364448639639879680_n.jpg\" alt=\"\" class=\"wp-image-57\" srcset=\"https:\/\/someclim.tn\/wp-content\/uploads\/2022\/02\/53086119_401295357339524_1364448639639879680_n.jpg 1170w, https:\/\/someclim.tn\/wp-content\/uploads\/2022\/02\/53086119_401295357339524_1364448639639879680_n-225x300.jpg 225w, https:\/\/someclim.tn\/wp-content\/uploads\/2022\/02\/53086119_401295357339524_1364448639639879680_n-768x1024.jpg 768w, https:\/\/someclim.tn\/wp-content\/uploads\/2022\/02\/53086119_401295357339524_1364448639639879680_n-1152x1536.jpg 1152w\" sizes=\"(max-width: 1170px) 100vw, 1170px\" \/><\/figure>\n\n\n\n<figure class=\"wp-block-image size-large\"><img loading=\"lazy\" width=\"1560\" height=\"1170\" data-id=\"56\"  src=\"https:\/\/someclim.tn\/wp-content\/uploads\/2022\/02\/54230828_838531489827391_4037422674471813120_n.jpg\" alt=\"\" class=\"wp-image-56\" srcset=\"https:\/\/someclim.tn\/wp-content\/uploads\/2022\/02\/54230828_838531489827391_4037422674471813120_n.jpg 1560w, https:\/\/someclim.tn\/wp-content\/uploads\/2022\/02\/54230828_838531489827391_4037422674471813120_n-300x225.jpg 300w, https:\/\/someclim.tn\/wp-content\/uploads\/2022\/02\/54230828_838531489827391_4037422674471813120_n-1024x768.jpg 1024w, https:\/\/someclim.tn\/wp-content\/uploads\/2022\/02\/54230828_838531489827391_4037422674471813120_n-768x576.jpg 768w, https:\/\/someclim.tn\/wp-content\/uploads\/2022\/02\/54230828_838531489827391_4037422674471813120_n-1536x1152.jpg 1536w\" sizes=\"(max-width: 1560px) 100vw, 1560px\" \/><\/figure>\n\n\n\n<figure class=\"wp-block-image size-large\"><img loading=\"lazy\" width=\"1170\" height=\"1560\" data-id=\"55\"  src=\"https:\/\/someclim.tn\/wp-content\/uploads\/2022\/02\/53020294_795343620827807_8063940684677120000_n.jpg\" alt=\"\" class=\"wp-image-55\" srcset=\"https:\/\/someclim.tn\/wp-content\/uploads\/2022\/02\/53020294_795343620827807_8063940684677120000_n.jpg 1170w, https:\/\/someclim.tn\/wp-content\/uploads\/2022\/02\/53020294_795343620827807_8063940684677120000_n-225x300.jpg 225w, https:\/\/someclim.tn\/wp-content\/uploads\/2022\/02\/53020294_795343620827807_8063940684677120000_n-768x1024.jpg 768w, https:\/\/someclim.tn\/wp-content\/uploads\/2022\/02\/53020294_795343620827807_8063940684677120000_n-1152x1536.jpg 1152w\" sizes=\"(max-width: 1170px) 100vw, 1170px\" \/><\/figure>\n\n\n\n<figure class=\"wp-block-image size-large\"><img loading=\"lazy\" width=\"1560\" height=\"1170\" data-id=\"50\"  src=\"https:\/\/someclim.tn\/wp-content\/uploads\/2022\/02\/52898456_302263307126437_286934305345634304_n.jpg\" alt=\"\" class=\"wp-image-50\" srcset=\"https:\/\/someclim.tn\/wp-content\/uploads\/2022\/02\/52898456_302263307126437_286934305345634304_n.jpg 1560w, https:\/\/someclim.tn\/wp-content\/uploads\/2022\/02\/52898456_302263307126437_286934305345634304_n-300x225.jpg 300w, https:\/\/someclim.tn\/wp-content\/uploads\/2022\/02\/52898456_302263307126437_286934305345634304_n-1024x768.jpg 1024w, https:\/\/someclim.tn\/wp-content\/uploads\/2022\/02\/52898456_302263307126437_286934305345634304_n-768x576.jpg 768w, https:\/\/someclim.tn\/wp-content\/uploads\/2022\/02\/52898456_302263307126437_286934305345634304_n-1536x1152.jpg 1536w\" sizes=\"(max-width: 1560px) 100vw, 1560px\" \/><\/figure>\n\n\n\n<figure class=\"wp-block-image size-large\"><img loading=\"lazy\" width=\"720\" height=\"960\" data-id=\"51\"  src=\"https:\/\/someclim.tn\/wp-content\/uploads\/2022\/02\/221374914_353383709489107_4542510776166812438_n.jpg\" alt=\"\" class=\"wp-image-51\" srcset=\"https:\/\/someclim.tn\/wp-content\/uploads\/2022\/02\/221374914_353383709489107_4542510776166812438_n.jpg 720w, https:\/\/someclim.tn\/wp-content\/uploads\/2022\/02\/221374914_353383709489107_4542510776166812438_n-225x300.jpg 225w\" sizes=\"(max-width: 720px) 100vw, 720px\" \/><\/figure>\n\n\n\n<figure class=\"wp-block-image size-large\"><img loading=\"lazy\" width=\"1170\" height=\"1560\" data-id=\"52\"  src=\"https:\/\/someclim.tn\/wp-content\/uploads\/2022\/02\/54517119_2380294648672178_1894266601159524352_n.jpg\" alt=\"\" class=\"wp-image-52\" srcset=\"https:\/\/someclim.tn\/wp-content\/uploads\/2022\/02\/54517119_2380294648672178_1894266601159524352_n.jpg 1170w, https:\/\/someclim.tn\/wp-content\/uploads\/2022\/02\/54517119_2380294648672178_1894266601159524352_n-225x300.jpg 225w, https:\/\/someclim.tn\/wp-content\/uploads\/2022\/02\/54517119_2380294648672178_1894266601159524352_n-768x1024.jpg 768w, https:\/\/someclim.tn\/wp-content\/uploads\/2022\/02\/54517119_2380294648672178_1894266601159524352_n-1152x1536.jpg 1152w\" sizes=\"(max-width: 1170px) 100vw, 1170px\" \/><\/figure>\n\n\n\n<figure class=\"wp-block-image size-large\"><img loading=\"lazy\" width=\"1560\" height=\"1170\" data-id=\"53\"  src=\"https:\/\/someclim.tn\/wp-content\/uploads\/2022\/02\/54256613_338857323502839_430720713674981376_n.jpg\" alt=\"\" class=\"wp-image-53\" srcset=\"https:\/\/someclim.tn\/wp-content\/uploads\/2022\/02\/54256613_338857323502839_430720713674981376_n.jpg 1560w, https:\/\/someclim.tn\/wp-content\/uploads\/2022\/02\/54256613_338857323502839_430720713674981376_n-300x225.jpg 300w, https:\/\/someclim.tn\/wp-content\/uploads\/2022\/02\/54256613_338857323502839_430720713674981376_n-1024x768.jpg 1024w, https:\/\/someclim.tn\/wp-content\/uploads\/2022\/02\/54256613_338857323502839_430720713674981376_n-768x576.jpg 768w, https:\/\/someclim.tn\/wp-content\/uploads\/2022\/02\/54256613_338857323502839_430720713674981376_n-1536x1152.jpg 1536w\" sizes=\"(max-width: 1560px) 100vw, 1560px\" \/><\/figure>\n\n\n\n<figure class=\"wp-block-image size-large\"><img loading=\"lazy\" width=\"1170\" height=\"1560\" data-id=\"54\"  src=\"https:\/\/someclim.tn\/wp-content\/uploads\/2022\/02\/53918328_307049326623835_8190651192095801344_n.jpg\" alt=\"\" class=\"wp-image-54\" srcset=\"https:\/\/someclim.tn\/wp-content\/uploads\/2022\/02\/53918328_307049326623835_8190651192095801344_n.jpg 1170w, https:\/\/someclim.tn\/wp-content\/uploads\/2022\/02\/53918328_307049326623835_8190651192095801344_n-225x300.jpg 225w, https:\/\/someclim.tn\/wp-content\/uploads\/2022\/02\/53918328_307049326623835_8190651192095801344_n-768x1024.jpg 768w, https:\/\/someclim.tn\/wp-content\/uploads\/2022\/02\/53918328_307049326623835_8190651192095801344_n-1152x1536.jpg 1152w\" sizes=\"(max-width: 1170px) 100vw, 1170px\" \/><\/figure>\n\n\n\n<figure class=\"wp-block-image size-large\"><img loading=\"lazy\" width=\"960\" height=\"720\" data-id=\"49\"  src=\"https:\/\/someclim.tn\/wp-content\/uploads\/2022\/02\/221977487_213126250728047_7070752800480809880_n.jpg\" alt=\"\" class=\"wp-image-49\" srcset=\"https:\/\/someclim.tn\/wp-content\/uploads\/2022\/02\/221977487_213126250728047_7070752800480809880_n.jpg 960w, https:\/\/someclim.tn\/wp-content\/uploads\/2022\/02\/221977487_213126250728047_7070752800480809880_n-300x225.jpg 300w, https:\/\/someclim.tn\/wp-content\/uploads\/2022\/02\/221977487_213126250728047_7070752800480809880_n-768x576.jpg 768w\" sizes=\"(max-width: 960px) 100vw, 960px\" \/><\/figure>\n\n\n\n<figure class=\"wp-block-image size-large\"><img loading=\"lazy\" width=\"960\" height=\"720\" data-id=\"48\"  src=\"https:\/\/someclim.tn\/wp-content\/uploads\/2022\/02\/54518320_2323454817944282_5696592588438503424_n.jpg\" alt=\"\" class=\"wp-image-48\" srcset=\"https:\/\/someclim.tn\/wp-content\/uploads\/2022\/02\/54518320_2323454817944282_5696592588438503424_n.jpg 960w, https:\/\/someclim.tn\/wp-content\/uploads\/2022\/02\/54518320_2323454817944282_5696592588438503424_n-300x225.jpg 300w, https:\/\/someclim.tn\/wp-content\/uploads\/2022\/02\/54518320_2323454817944282_5696592588438503424_n-768x576.jpg 768w\" sizes=\"(max-width: 960px) 100vw, 960px\" \/><\/figure>\n\n\n\n<figure class=\"wp-block-image size-large\"><img loading=\"lazy\" width=\"960\" height=\"720\" data-id=\"47\"  src=\"https:\/\/someclim.tn\/wp-content\/uploads\/2022\/02\/221885423_311396340418648_1481714960747173732_n.jpg\" alt=\"\" class=\"wp-image-47\" srcset=\"https:\/\/someclim.tn\/wp-content\/uploads\/2022\/02\/221885423_311396340418648_1481714960747173732_n.jpg 960w, https:\/\/someclim.tn\/wp-content\/uploads\/2022\/02\/221885423_311396340418648_1481714960747173732_n-300x225.jpg 300w, https:\/\/someclim.tn\/wp-content\/uploads\/2022\/02\/221885423_311396340418648_1481714960747173732_n-768x576.jpg 768w\" sizes=\"(max-width: 960px) 100vw, 960px\" \/><\/figure>\n\n\n\n<figure class=\"wp-block-image size-large\"><img loading=\"lazy\" width=\"720\" height=\"960\" data-id=\"44\"  src=\"https:\/\/someclim.tn\/wp-content\/uploads\/2022\/02\/53861022_965554873642253_8187449422825652224_n.jpg\" alt=\"\" class=\"wp-image-44\" srcset=\"https:\/\/someclim.tn\/wp-content\/uploads\/2022\/02\/53861022_965554873642253_8187449422825652224_n.jpg 720w, https:\/\/someclim.tn\/wp-content\/uploads\/2022\/02\/53861022_965554873642253_8187449422825652224_n-225x300.jpg 225w\" sizes=\"(max-width: 720px) 100vw, 720px\" \/><\/figure>\n\n\n\n<figure class=\"wp-block-image size-large\"><img loading=\"lazy\" width=\"960\" height=\"720\" data-id=\"45\"  src=\"https:\/\/someclim.tn\/wp-content\/uploads\/2022\/02\/221707068_557108325448255_6319056340090963163_n.jpg\" alt=\"\" class=\"wp-image-45\" srcset=\"https:\/\/someclim.tn\/wp-content\/uploads\/2022\/02\/221707068_557108325448255_6319056340090963163_n.jpg 960w, https:\/\/someclim.tn\/wp-content\/uploads\/2022\/02\/221707068_557108325448255_6319056340090963163_n-300x225.jpg 300w, https:\/\/someclim.tn\/wp-content\/uploads\/2022\/02\/221707068_557108325448255_6319056340090963163_n-768x576.jpg 768w\" sizes=\"(max-width: 960px) 100vw, 960px\" \/><\/figure>\n\n\n\n<figure class=\"wp-block-image size-large\"><img loading=\"lazy\" width=\"720\" height=\"960\" data-id=\"41\"  src=\"https:\/\/someclim.tn\/wp-content\/uploads\/2022\/02\/54228871_379973306175962_4129238324957151232_n.jpg\" alt=\"\" class=\"wp-image-41\" srcset=\"https:\/\/someclim.tn\/wp-content\/uploads\/2022\/02\/54228871_379973306175962_4129238324957151232_n.jpg 720w, https:\/\/someclim.tn\/wp-content\/uploads\/2022\/02\/54228871_379973306175962_4129238324957151232_n-225x300.jpg 225w\" sizes=\"(max-width: 720px) 100vw, 720px\" \/><\/figure>\n\n\n\n<figure class=\"wp-block-image size-large\"><img loading=\"lazy\" width=\"720\" height=\"960\" data-id=\"40\"  src=\"https:\/\/someclim.tn\/wp-content\/uploads\/2022\/02\/221885415_544567853646827_5116228749681607298_n.jpg\" alt=\"\" class=\"wp-image-40\" srcset=\"https:\/\/someclim.tn\/wp-content\/uploads\/2022\/02\/221885415_544567853646827_5116228749681607298_n.jpg 720w, https:\/\/someclim.tn\/wp-content\/uploads\/2022\/02\/221885415_544567853646827_5116228749681607298_n-225x300.jpg 225w\" sizes=\"(max-width: 720px) 100vw, 720px\" \/><\/figure>\n\n\n\n<figure class=\"wp-block-image size-large\"><img loading=\"lazy\" width=\"720\" height=\"960\" data-id=\"43\"  src=\"https:\/\/someclim.tn\/wp-content\/uploads\/2022\/02\/54424700_271112170467789_2283110580539621376_n.jpg\" alt=\"\" class=\"wp-image-43\" srcset=\"https:\/\/someclim.tn\/wp-content\/uploads\/2022\/02\/54424700_271112170467789_2283110580539621376_n.jpg 720w, https:\/\/someclim.tn\/wp-content\/uploads\/2022\/02\/54424700_271112170467789_2283110580539621376_n-225x300.jpg 225w\" sizes=\"(max-width: 720px) 100vw, 720px\" \/><\/figure>\n\n\n\n<figure class=\"wp-block-image size-large\"><img loading=\"lazy\" width=\"1560\" height=\"1170\" data-id=\"42\"  src=\"https:\/\/someclim.tn\/wp-content\/uploads\/2022\/02\/54258290_2142202029204054_9033620386012463104_n.jpg\" alt=\"\" class=\"wp-image-42\" srcset=\"https:\/\/someclim.tn\/wp-content\/uploads\/2022\/02\/54258290_2142202029204054_9033620386012463104_n.jpg 1560w, https:\/\/someclim.tn\/wp-content\/uploads\/2022\/02\/54258290_2142202029204054_9033620386012463104_n-300x225.jpg 300w, https:\/\/someclim.tn\/wp-content\/uploads\/2022\/02\/54258290_2142202029204054_9033620386012463104_n-1024x768.jpg 1024w, https:\/\/someclim.tn\/wp-content\/uploads\/2022\/02\/54258290_2142202029204054_9033620386012463104_n-768x576.jpg 768w, https:\/\/someclim.tn\/wp-content\/uploads\/2022\/02\/54258290_2142202029204054_9033620386012463104_n-1536x1152.jpg 1536w\" sizes=\"(max-width: 1560px) 100vw, 1560px\" \/><\/figure>\n\n\n\n<figure class=\"wp-block-image size-large\"><img loading=\"lazy\" width=\"1170\" height=\"1560\" data-id=\"46\"  src=\"https:\/\/someclim.tn\/wp-content\/uploads\/2022\/02\/53150382_1704703232962812_4131860956542140416_n.jpg\" alt=\"\" class=\"wp-image-46\" srcset=\"https:\/\/someclim.tn\/wp-content\/uploads\/2022\/02\/53150382_1704703232962812_4131860956542140416_n.jpg 1170w, https:\/\/someclim.tn\/wp-content\/uploads\/2022\/02\/53150382_1704703232962812_4131860956542140416_n-225x300.jpg 225w, https:\/\/someclim.tn\/wp-content\/uploads\/2022\/02\/53150382_1704703232962812_4131860956542140416_n-768x1024.jpg 768w, https:\/\/someclim.tn\/wp-content\/uploads\/2022\/02\/53150382_1704703232962812_4131860956542140416_n-1152x1536.jpg 1152w\" sizes=\"(max-width: 1170px) 100vw, 1170px\" \/><\/figure>\n\n\n\n<figure class=\"wp-block-image size-large\"><img loading=\"lazy\" width=\"1560\" height=\"1170\" data-id=\"31\"  src=\"https:\/\/someclim.tn\/wp-content\/uploads\/2022\/02\/52793134_307349210136371_5492025018411909120_n.jpg\" alt=\"\" class=\"wp-image-31\" srcset=\"https:\/\/someclim.tn\/wp-content\/uploads\/2022\/02\/52793134_307349210136371_5492025018411909120_n.jpg 1560w, https:\/\/someclim.tn\/wp-content\/uploads\/2022\/02\/52793134_307349210136371_5492025018411909120_n-300x225.jpg 300w, https:\/\/someclim.tn\/wp-content\/uploads\/2022\/02\/52793134_307349210136371_5492025018411909120_n-1024x768.jpg 1024w, https:\/\/someclim.tn\/wp-content\/uploads\/2022\/02\/52793134_307349210136371_5492025018411909120_n-768x576.jpg 768w, https:\/\/someclim.tn\/wp-content\/uploads\/2022\/02\/52793134_307349210136371_5492025018411909120_n-1536x1152.jpg 1536w\" sizes=\"(max-width: 1560px) 100vw, 1560px\" \/><\/figure>\n\n\n\n<figure class=\"wp-block-image size-large\"><img loading=\"lazy\" width=\"1560\" height=\"1170\" data-id=\"30\"  src=\"https:\/\/someclim.tn\/wp-content\/uploads\/2022\/02\/52930397_369812290530620_6770990945434337280_n.jpg\" alt=\"\" class=\"wp-image-30\" srcset=\"https:\/\/someclim.tn\/wp-content\/uploads\/2022\/02\/52930397_369812290530620_6770990945434337280_n.jpg 1560w, https:\/\/someclim.tn\/wp-content\/uploads\/2022\/02\/52930397_369812290530620_6770990945434337280_n-300x225.jpg 300w, https:\/\/someclim.tn\/wp-content\/uploads\/2022\/02\/52930397_369812290530620_6770990945434337280_n-1024x768.jpg 1024w, https:\/\/someclim.tn\/wp-content\/uploads\/2022\/02\/52930397_369812290530620_6770990945434337280_n-768x576.jpg 768w, https:\/\/someclim.tn\/wp-content\/uploads\/2022\/02\/52930397_369812290530620_6770990945434337280_n-1536x1152.jpg 1536w\" sizes=\"(max-width: 1560px) 100vw, 1560px\" \/><\/figure>\n\n\n\n<figure class=\"wp-block-image size-large\"><img loading=\"lazy\" width=\"960\" height=\"720\" data-id=\"32\"  src=\"https:\/\/someclim.tn\/wp-content\/uploads\/2022\/02\/221272706_1640555556154306_1784197700788256078_n.jpg\" alt=\"\" class=\"wp-image-32\" srcset=\"https:\/\/someclim.tn\/wp-content\/uploads\/2022\/02\/221272706_1640555556154306_1784197700788256078_n.jpg 960w, https:\/\/someclim.tn\/wp-content\/uploads\/2022\/02\/221272706_1640555556154306_1784197700788256078_n-300x225.jpg 300w, https:\/\/someclim.tn\/wp-content\/uploads\/2022\/02\/221272706_1640555556154306_1784197700788256078_n-768x576.jpg 768w\" sizes=\"(max-width: 960px) 100vw, 960px\" \/><\/figure>\n\n\n\n<figure class=\"wp-block-image size-large\"><img loading=\"lazy\" width=\"960\" height=\"720\" data-id=\"33\"  src=\"https:\/\/someclim.tn\/wp-content\/uploads\/2022\/02\/222035867_353716516284440_367352532815990910_n.jpg\" alt=\"\" class=\"wp-image-33\" srcset=\"https:\/\/someclim.tn\/wp-content\/uploads\/2022\/02\/222035867_353716516284440_367352532815990910_n.jpg 960w, https:\/\/someclim.tn\/wp-content\/uploads\/2022\/02\/222035867_353716516284440_367352532815990910_n-300x225.jpg 300w, https:\/\/someclim.tn\/wp-content\/uploads\/2022\/02\/222035867_353716516284440_367352532815990910_n-768x576.jpg 768w\" sizes=\"(max-width: 960px) 100vw, 960px\" \/><\/figure>\n\n\n\n<figure class=\"wp-block-image size-large\"><img loading=\"lazy\" width=\"960\" height=\"720\" data-id=\"36\"  src=\"https:\/\/someclim.tn\/wp-content\/uploads\/2022\/02\/54523915_340564566442978_2511339189824389120_n.jpg\" alt=\"\" class=\"wp-image-36\" srcset=\"https:\/\/someclim.tn\/wp-content\/uploads\/2022\/02\/54523915_340564566442978_2511339189824389120_n.jpg 960w, https:\/\/someclim.tn\/wp-content\/uploads\/2022\/02\/54523915_340564566442978_2511339189824389120_n-300x225.jpg 300w, https:\/\/someclim.tn\/wp-content\/uploads\/2022\/02\/54523915_340564566442978_2511339189824389120_n-768x576.jpg 768w\" sizes=\"(max-width: 960px) 100vw, 960px\" \/><\/figure>\n\n\n\n<figure class=\"wp-block-image size-large\"><img loading=\"lazy\" width=\"720\" height=\"960\" data-id=\"38\"  src=\"https:\/\/someclim.tn\/wp-content\/uploads\/2022\/02\/219368964_526324775343210_1210112004373633407_n.jpg\" alt=\"\" class=\"wp-image-38\" srcset=\"https:\/\/someclim.tn\/wp-content\/uploads\/2022\/02\/219368964_526324775343210_1210112004373633407_n.jpg 720w, https:\/\/someclim.tn\/wp-content\/uploads\/2022\/02\/219368964_526324775343210_1210112004373633407_n-225x300.jpg 225w\" sizes=\"(max-width: 720px) 100vw, 720px\" \/><\/figure>\n\n\n\n<figure class=\"wp-block-image size-large\"><img loading=\"lazy\" width=\"960\" height=\"720\" data-id=\"39\"  src=\"https:\/\/someclim.tn\/wp-content\/uploads\/2022\/02\/54393285_375278823318689_2002603388809773056_n.jpg\" alt=\"\" class=\"wp-image-39\" srcset=\"https:\/\/someclim.tn\/wp-content\/uploads\/2022\/02\/54393285_375278823318689_2002603388809773056_n.jpg 960w, https:\/\/someclim.tn\/wp-content\/uploads\/2022\/02\/54393285_375278823318689_2002603388809773056_n-300x225.jpg 300w, https:\/\/someclim.tn\/wp-content\/uploads\/2022\/02\/54393285_375278823318689_2002603388809773056_n-768x576.jpg 768w\" sizes=\"(max-width: 960px) 100vw, 960px\" \/><\/figure>\n\n\n\n<figure class=\"wp-block-image size-large\"><img loading=\"lazy\" width=\"1560\" height=\"1170\" data-id=\"34\"  src=\"https:\/\/someclim.tn\/wp-content\/uploads\/2022\/02\/52875392_329098954381119_8205351722688708608_n.jpg\" alt=\"\" class=\"wp-image-34\" srcset=\"https:\/\/someclim.tn\/wp-content\/uploads\/2022\/02\/52875392_329098954381119_8205351722688708608_n.jpg 1560w, https:\/\/someclim.tn\/wp-content\/uploads\/2022\/02\/52875392_329098954381119_8205351722688708608_n-300x225.jpg 300w, https:\/\/someclim.tn\/wp-content\/uploads\/2022\/02\/52875392_329098954381119_8205351722688708608_n-1024x768.jpg 1024w, https:\/\/someclim.tn\/wp-content\/uploads\/2022\/02\/52875392_329098954381119_8205351722688708608_n-768x576.jpg 768w, https:\/\/someclim.tn\/wp-content\/uploads\/2022\/02\/52875392_329098954381119_8205351722688708608_n-1536x1152.jpg 1536w\" sizes=\"(max-width: 1560px) 100vw, 1560px\" \/><\/figure>\n\n\n\n<figure class=\"wp-block-image size-large\"><img loading=\"lazy\" width=\"720\" height=\"960\" data-id=\"35\"  src=\"https:\/\/someclim.tn\/wp-content\/uploads\/2022\/02\/222690279_536651120717637_1267947030961818570_n.jpg\" alt=\"\" class=\"wp-image-35\" srcset=\"https:\/\/someclim.tn\/wp-content\/uploads\/2022\/02\/222690279_536651120717637_1267947030961818570_n.jpg 720w, https:\/\/someclim.tn\/wp-content\/uploads\/2022\/02\/222690279_536651120717637_1267947030961818570_n-225x300.jpg 225w\" sizes=\"(max-width: 720px) 100vw, 720px\" \/><\/figure>\n\n\n\n<figure class=\"wp-block-image size-large\"><img loading=\"lazy\" width=\"1560\" height=\"1170\" data-id=\"37\"  src=\"https:\/\/someclim.tn\/wp-content\/uploads\/2022\/02\/54730530_2012654298861532_1909751208097087488_n.jpg\" alt=\"\" class=\"wp-image-37\" srcset=\"https:\/\/someclim.tn\/wp-content\/uploads\/2022\/02\/54730530_2012654298861532_1909751208097087488_n.jpg 1560w, https:\/\/someclim.tn\/wp-content\/uploads\/2022\/02\/54730530_2012654298861532_1909751208097087488_n-300x225.jpg 300w, https:\/\/someclim.tn\/wp-content\/uploads\/2022\/02\/54730530_2012654298861532_1909751208097087488_n-1024x768.jpg 1024w, https:\/\/someclim.tn\/wp-content\/uploads\/2022\/02\/54730530_2012654298861532_1909751208097087488_n-768x576.jpg 768w, https:\/\/someclim.tn\/wp-content\/uploads\/2022\/02\/54730530_2012654298861532_1909751208097087488_n-1536x1152.jpg 1536w\" sizes=\"(max-width: 1560px) 100vw, 1560px\" \/><\/figure>\n<\/figure>\n","protected":false},"excerpt":{"rendered":"<p>Confort, s\u00e9curit\u00e9 et environnement Pour que confort et s\u00e9curit\u00e9 riment avec \u00e9cologie, Som\u00e9clim s\u2019engage au respect de normes environnementales de plus en plus exigeantes. Nous respectons scrupuleusement la r\u00e9glementation FGAS applicable depuis le 1er janvier 2015 qui interdit de recharger les installations contenant du fluide frigorig\u00e8ne R22 et tout gaz ant\u00e9rieur de type CFC et [&hellip;]<\/p>\n","protected":false},"author":1,"featured_media":0,"parent":0,"menu_order":0,"comment_status":"closed","ping_status":"closed","template":"","meta":[],"categories":[5],"tags":[],"_links":{"self":[{"href":"https:\/\/someclim.tn\/index.php\/wp-json\/wp\/v2\/pages\/80"}],"collection":[{"href":"https:\/\/someclim.tn\/index.php\/wp-json\/wp\/v2\/pages"}],"about":[{"href":"https:\/\/someclim.tn\/index.php\/wp-json\/wp\/v2\/types\/page"}],"author":[{"embeddable":true,"href":"https:\/\/someclim.tn\/index.php\/wp-json\/wp\/v2\/users\/1"}],"replies":[{"embeddable":true,"href":"https:\/\/someclim.tn\/index.php\/wp-json\/wp\/v2\/comments?post=80"}],"version-history":[{"count":1,"href":"https:\/\/someclim.tn\/index.php\/wp-json\/wp\/v2\/pages\/80\/revisions"}],"predecessor-version":[{"id":81,"href":"https:\/\/someclim.tn\/index.php\/wp-json\/wp\/v2\/pages\/80\/revisions\/81"}],"wp:attachment":[{"href":"https:\/\/someclim.tn\/index.php\/wp-json\/wp\/v2\/media?parent=80"}],"wp:term":[{"taxonomy":"category","embeddable":true,"href":"https:\/\/someclim.tn\/index.php\/wp-json\/wp\/v2\/categories?post=80"},{"taxonomy":"post_tag","embeddable":true,"href":"https:\/\/someclim.tn\/index.php\/wp-json\/wp\/v2\/tags?post=80"}],"curies":[{"name":"wp","href":"https:\/\/api.w.org\/{rel}","templated":true}]}}