{"id":2,"date":"2021-06-12T22:35:14","date_gmt":"2021-06-12T20:35:14","guid":{"rendered":"http:\/\/khayghf.cluster028.hosting.ovh.net\/?page_id=2"},"modified":"2022-02-08T09:56:00","modified_gmt":"2022-02-08T08:56:00","slug":"page-d-exemple","status":"publish","type":"page","link":"https:\/\/someclim.tn\/","title":{"rendered":"Choisir Som\u00e9clim, c\u2019est l\u2019assurance de faire appel \u00e0 une entreprise experte dans le domaine de la climatisation"},"content":{"rendered":"\n<p><\/p>\n\n\n\n<p><\/p>\n\n\n\n<p><\/p>\n\n\n\n<p>Depuis 2021, nous mettons toute notre exp\u00e9rience au service de votre confort<\/p>\n\n\n\n<p>Choisir Som\u00e9clim, c\u2019est l\u2019assurance de faire appel \u00e0 une entreprise experte dans le domaine de la climatisation<\/p>\n\n\n\n<p>Depuis 2021, nous mettons toute notre exp\u00e9rience au service de votre confort<\/p>\n\n\n\n<p>2021 : S\u2019inscrivant naturellement dans le sillon d\u00e9j\u00e0 trac\u00e9, Wael DORGHAM, ing\u00e9nieur en \u00e9nergie fonde la soci\u00e9t\u00e9 Som\u00e9clim. Install\u00e9e en R\u00e9gion du Grand Tunis, cette entreprise a pour vocation la prestation de services aupr\u00e8s des professionnels de la climatisation de confort \u00e0 d\u00e9tente directe, type Splits syst\u00e8mes, Multi-splits et DRV de toutes marques.<\/p>\n\n\n\n<p>Depuis 2021, Som\u00e9clim met son exp\u00e9rience au service de votre confort.<\/p>\n\n\n\n<p><\/p>\n","protected":false},"excerpt":{"rendered":"<p>Depuis 2021, nous mettons toute notre exp\u00e9rience au service de votre confort Choisir Som\u00e9clim, c\u2019est l\u2019assurance de faire appel \u00e0 une entreprise experte dans le domaine de la climatisation Depuis 2021, nous mettons toute notre exp\u00e9rience au service de votre confort 2021 : S\u2019inscrivant naturellement dans le sillon d\u00e9j\u00e0 trac\u00e9, Wael DORGHAM, ing\u00e9nieur en \u00e9nergie [&hellip;]<\/p>\n","protected":false},"author":1,"featured_media":0,"parent":0,"menu_order":0,"comment_status":"closed","ping_status":"open","template":"","meta":[],"categories":[],"tags":[],"_links":{"self":[{"href":"https:\/\/someclim.tn\/index.php\/wp-json\/wp\/v2\/pages\/2"}],"collection":[{"href":"https:\/\/someclim.tn\/index.php\/wp-json\/wp\/v2\/pages"}],"about":[{"href":"https:\/\/someclim.tn\/index.php\/wp-json\/wp\/v2\/types\/page"}],"author":[{"embeddable":true,"href":"https:\/\/someclim.tn\/index.php\/wp-json\/wp\/v2\/users\/1"}],"replies":[{"embeddable":true,"href":"https:\/\/someclim.tn\/index.php\/wp-json\/wp\/v2\/comments?post=2"}],"version-history":[{"count":3,"href":"https:\/\/someclim.tn\/index.php\/wp-json\/wp\/v2\/pages\/2\/revisions"}],"predecessor-version":[{"id":63,"href":"https:\/\/someclim.tn\/index.php\/wp-json\/wp\/v2\/pages\/2\/revisions\/63"}],"wp:attachment":[{"href":"https:\/\/someclim.tn\/index.php\/wp-json\/wp\/v2\/media?parent=2"}],"wp:term":[{"taxonomy":"category","embeddable":true,"href":"https:\/\/someclim.tn\/index.php\/wp-json\/wp\/v2\/categories?post=2"},{"taxonomy":"post_tag","embeddable":true,"href":"https:\/\/someclim.tn\/index.php\/wp-json\/wp\/v2\/tags?post=2"}],"curies":[{"name":"wp","href":"https:\/\/api.w.org\/{rel}","templated":true}]}}